{"id":1875,"date":"2026-04-05T22:24:19","date_gmt":"2026-04-05T22:24:19","guid":{"rendered":"https:\/\/slovakdekor.sk\/?post_type=product&#038;p=1875"},"modified":"2026-04-05T22:37:21","modified_gmt":"2026-04-05T22:37:21","slug":"gravirovany-hrncek-slovakdekor","status":"publish","type":"product","link":"https:\/\/slovakdekor.sk\/?product=gravirovany-hrncek-slovakdekor","title":{"rendered":"Grav\u00edrovan\u00fd hrn\u010dek Slovakdekor"},"content":{"rendered":"<ul>\n<li>Kapacita: pribli\u017ene 290 ml<\/li>\n<li>Priemer vrchu: 88 mm<\/li>\n<li>Priemer dna: 71 mm<\/li>\n<li>V\u00fd\u0161ka: 85 mm<\/li>\n<li>Farba: \u010cerven\u00e1<\/li>\n<\/ul>\n","protected":false},"excerpt":{"rendered":"<div dir=\"auto\">Folkl\u00f3r v minimalistickom \u0161ate<\/div>\n<div dir=\"auto\">Objavte eleganciu slovensk\u00e9ho folkl\u00f3ru v jeho naj\u010distej\u0161ej a najv\u00fdsti\u017enej\u0161ej podobe.<\/div>\n<div dir=\"auto\">Tento exkluz\u00edvny matn\u00fd hrn\u010dek nesie jemn\u00fd, no v\u00fdrazn\u00fd ornament in\u0161pirovan\u00fd tradi\u010dn\u00fdm \u013eudov\u00fdm mot\u00edvom p\u00f4vodom z Detvy \u2013 spracovan\u00fd v modernom, minimalistickom a nad\u010dasovom dizajne.<\/div>\n","protected":false},"featured_media":1876,"comment_status":"open","ping_status":"closed","template":"","meta":{"site-sidebar-layout":"default","site-content-layout":"","ast-site-content-layout":"default","site-content-style":"default","site-sidebar-style":"default","ast-global-header-display":"","ast-banner-title-visibility":"","ast-main-header-display":"","ast-hfb-above-header-display":"","ast-hfb-below-header-display":"","ast-hfb-mobile-header-display":"","site-post-title":"","ast-breadcrumbs-content":"","ast-featured-img":"","footer-sml-layout":"","ast-disable-related-posts":"","theme-transparent-header-meta":"default","adv-header-id-meta":"","stick-header-meta":"","header-above-stick-meta":"","header-main-stick-meta":"","header-below-stick-meta":"","astra-migrate-meta-layouts":"set","ast-page-background-enabled":"default","ast-page-background-meta":{"desktop":{"background-color":"var(--ast-global-color-4)","background-image":"","background-repeat":"repeat","background-position":"center center","background-size":"auto","background-attachment":"scroll","background-type":"","background-media":"","overlay-type":"","overlay-color":"","overlay-opacity":"","overlay-gradient":""},"tablet":{"background-color":"","background-image":"","background-repeat":"repeat","background-position":"center center","background-size":"auto","background-attachment":"scroll","background-type":"","background-media":"","overlay-type":"","overlay-color":"","overlay-opacity":"","overlay-gradient":""},"mobile":{"background-color":"","background-image":"","background-repeat":"repeat","background-position":"center center","background-size":"auto","background-attachment":"scroll","background-type":"","background-media":"","overlay-type":"","overlay-color":"","overlay-opacity":"","overlay-gradient":""}},"ast-content-background-meta":{"desktop":{"background-color":"var(--ast-global-color-5)","background-image":"","background-repeat":"repeat","background-position":"center center","background-size":"auto","background-attachment":"scroll","background-type":"","background-media":"","overlay-type":"","overlay-color":"","overlay-opacity":"","overlay-gradient":""},"tablet":{"background-color":"var(--ast-global-color-5)","background-image":"","background-repeat":"repeat","background-position":"center center","background-size":"auto","background-attachment":"scroll","background-type":"","background-media":"","overlay-type":"","overlay-color":"","overlay-opacity":"","overlay-gradient":""},"mobile":{"background-color":"var(--ast-global-color-5)","background-image":"","background-repeat":"repeat","background-position":"center center","background-size":"auto","background-attachment":"scroll","background-type":"","background-media":"","overlay-type":"","overlay-color":"","overlay-opacity":"","overlay-gradient":""}}},"product_brand":[],"product_cat":[56,44],"product_tag":[],"class_list":{"0":"post-1875","1":"product","2":"type-product","3":"status-publish","4":"has-post-thumbnail","6":"product_cat-gravirovane-hrnceky","7":"product_cat-region-podpolanie","8":"desktop-align-left","9":"tablet-align-left","10":"mobile-align-left","12":"first","13":"instock","14":"taxable","15":"shipping-taxable","16":"purchasable","17":"product-type-simple"},"yoast_head":"<!-- This site is optimized with the Yoast SEO plugin v27.3 - https:\/\/yoast.com\/product\/yoast-seo-wordpress\/ -->\n<title>Grav\u00edrovan\u00fd hrn\u010dek Slovakdekor - Slovakdekor<\/title>\n<meta name=\"robots\" content=\"index, follow, max-snippet:-1, max-image-preview:large, max-video-preview:-1\" \/>\n<link rel=\"canonical\" href=\"https:\/\/slovakdekor.sk\/?product=gravirovany-hrncek-slovakdekor\" \/>\n<meta property=\"og:locale\" content=\"sk_SK\" \/>\n<meta property=\"og:type\" content=\"article\" \/>\n<meta property=\"og:title\" content=\"Grav\u00edrovan\u00fd hrn\u010dek Slovakdekor - Slovakdekor\" \/>\n<meta property=\"og:description\" content=\"Folkl\u00f3r v minimalistickom \u0161ate Objavte eleganciu slovensk\u00e9ho folkl\u00f3ru v jeho naj\u010distej\u0161ej a najv\u00fdsti\u017enej\u0161ej podobe. Tento exkluz\u00edvny matn\u00fd hrn\u010dek nesie jemn\u00fd, no v\u00fdrazn\u00fd ornament in\u0161pirovan\u00fd tradi\u010dn\u00fdm \u013eudov\u00fdm mot\u00edvom p\u00f4vodom z Detvy \u2013 spracovan\u00fd v modernom, minimalistickom a nad\u010dasovom dizajne.\" \/>\n<meta property=\"og:url\" content=\"https:\/\/slovakdekor.sk\/?product=gravirovany-hrncek-slovakdekor\" \/>\n<meta property=\"og:site_name\" content=\"Slovakdekor\" \/>\n<meta property=\"article:publisher\" content=\"https:\/\/www.facebook.com\/slovakdekor\" \/>\n<meta property=\"article:modified_time\" content=\"2026-04-05T22:37:21+00:00\" \/>\n<meta property=\"og:image\" content=\"https:\/\/slovakdekor.sk\/wp-content\/uploads\/2026\/04\/aa6ccc32-63ad-48b9-97c4-1059f5b4e5d7.png\" \/>\n\t<meta property=\"og:image:width\" content=\"1536\" \/>\n\t<meta property=\"og:image:height\" content=\"1024\" \/>\n\t<meta property=\"og:image:type\" content=\"image\/png\" \/>\n<meta name=\"twitter:card\" content=\"summary_large_image\" \/>\n<meta name=\"twitter:label1\" content=\"Predpokladan\u00fd \u010das \u010d\u00edtania\" \/>\n\t<meta name=\"twitter:data1\" content=\"1 min\u00fata\" \/>\n<script type=\"application\/ld+json\" class=\"yoast-schema-graph\">{\"@context\":\"https:\\\/\\\/schema.org\",\"@graph\":[{\"@type\":\"WebPage\",\"@id\":\"https:\\\/\\\/slovakdekor.sk\\\/?product=gravirovany-hrncek-slovakdekor\",\"url\":\"https:\\\/\\\/slovakdekor.sk\\\/?product=gravirovany-hrncek-slovakdekor\",\"name\":\"Grav\u00edrovan\u00fd hrn\u010dek Slovakdekor - Slovakdekor\",\"isPartOf\":{\"@id\":\"https:\\\/\\\/slovakdekor.sk\\\/#website\"},\"primaryImageOfPage\":{\"@id\":\"https:\\\/\\\/slovakdekor.sk\\\/?product=gravirovany-hrncek-slovakdekor#primaryimage\"},\"image\":{\"@id\":\"https:\\\/\\\/slovakdekor.sk\\\/?product=gravirovany-hrncek-slovakdekor#primaryimage\"},\"thumbnailUrl\":\"https:\\\/\\\/slovakdekor.sk\\\/wp-content\\\/uploads\\\/2026\\\/04\\\/aa6ccc32-63ad-48b9-97c4-1059f5b4e5d7.png\",\"datePublished\":\"2026-04-05T22:24:19+00:00\",\"dateModified\":\"2026-04-05T22:37:21+00:00\",\"breadcrumb\":{\"@id\":\"https:\\\/\\\/slovakdekor.sk\\\/?product=gravirovany-hrncek-slovakdekor#breadcrumb\"},\"inLanguage\":\"sk-SK\",\"potentialAction\":[{\"@type\":\"ReadAction\",\"target\":[\"https:\\\/\\\/slovakdekor.sk\\\/?product=gravirovany-hrncek-slovakdekor\"]}]},{\"@type\":\"ImageObject\",\"inLanguage\":\"sk-SK\",\"@id\":\"https:\\\/\\\/slovakdekor.sk\\\/?product=gravirovany-hrncek-slovakdekor#primaryimage\",\"url\":\"https:\\\/\\\/slovakdekor.sk\\\/wp-content\\\/uploads\\\/2026\\\/04\\\/aa6ccc32-63ad-48b9-97c4-1059f5b4e5d7.png\",\"contentUrl\":\"https:\\\/\\\/slovakdekor.sk\\\/wp-content\\\/uploads\\\/2026\\\/04\\\/aa6ccc32-63ad-48b9-97c4-1059f5b4e5d7.png\",\"width\":1536,\"height\":1024},{\"@type\":\"BreadcrumbList\",\"@id\":\"https:\\\/\\\/slovakdekor.sk\\\/?product=gravirovany-hrncek-slovakdekor#breadcrumb\",\"itemListElement\":[{\"@type\":\"ListItem\",\"position\":1,\"name\":\"Domovsk\u00e1 str\u00e1nka\",\"item\":\"https:\\\/\\\/slovakdekor.sk\\\/\"},{\"@type\":\"ListItem\",\"position\":2,\"name\":\"Grav\u00edrovan\u00fd hrn\u010dek Slovakdekor\"}]},{\"@type\":\"WebSite\",\"@id\":\"https:\\\/\\\/slovakdekor.sk\\\/#website\",\"url\":\"https:\\\/\\\/slovakdekor.sk\\\/\",\"name\":\"Slovakdekor\",\"description\":\"suven\u00edry in\u0161pirovan\u00e9 slovensk\u00fdm \u013eudov\u00fdm umen\u00edm\",\"publisher\":{\"@id\":\"https:\\\/\\\/slovakdekor.sk\\\/#organization\"},\"potentialAction\":[{\"@type\":\"SearchAction\",\"target\":{\"@type\":\"EntryPoint\",\"urlTemplate\":\"https:\\\/\\\/slovakdekor.sk\\\/?s={search_term_string}\"},\"query-input\":{\"@type\":\"PropertyValueSpecification\",\"valueRequired\":true,\"valueName\":\"search_term_string\"}}],\"inLanguage\":\"sk-SK\"},{\"@type\":\"Organization\",\"@id\":\"https:\\\/\\\/slovakdekor.sk\\\/#organization\",\"name\":\"Slovakdekor\",\"url\":\"https:\\\/\\\/slovakdekor.sk\\\/\",\"logo\":{\"@type\":\"ImageObject\",\"inLanguage\":\"sk-SK\",\"@id\":\"https:\\\/\\\/slovakdekor.sk\\\/#\\\/schema\\\/logo\\\/image\\\/\",\"url\":\"https:\\\/\\\/slovakdekor.sk\\\/wp-content\\\/uploads\\\/2025\\\/07\\\/cropped-Bez-nazvu-4.png\",\"contentUrl\":\"https:\\\/\\\/slovakdekor.sk\\\/wp-content\\\/uploads\\\/2025\\\/07\\\/cropped-Bez-nazvu-4.png\",\"width\":1765,\"height\":513,\"caption\":\"Slovakdekor\"},\"image\":{\"@id\":\"https:\\\/\\\/slovakdekor.sk\\\/#\\\/schema\\\/logo\\\/image\\\/\"},\"sameAs\":[\"https:\\\/\\\/www.facebook.com\\\/slovakdekor\"]}]}<\/script>\n<!-- \/ Yoast SEO plugin. -->","yoast_head_json":{"title":"Grav\u00edrovan\u00fd hrn\u010dek Slovakdekor - Slovakdekor","robots":{"index":"index","follow":"follow","max-snippet":"max-snippet:-1","max-image-preview":"max-image-preview:large","max-video-preview":"max-video-preview:-1"},"canonical":"https:\/\/slovakdekor.sk\/?product=gravirovany-hrncek-slovakdekor","og_locale":"sk_SK","og_type":"article","og_title":"Grav\u00edrovan\u00fd hrn\u010dek Slovakdekor - Slovakdekor","og_description":"Folkl\u00f3r v minimalistickom \u0161ate Objavte eleganciu slovensk\u00e9ho folkl\u00f3ru v jeho naj\u010distej\u0161ej a najv\u00fdsti\u017enej\u0161ej podobe. Tento exkluz\u00edvny matn\u00fd hrn\u010dek nesie jemn\u00fd, no v\u00fdrazn\u00fd ornament in\u0161pirovan\u00fd tradi\u010dn\u00fdm \u013eudov\u00fdm mot\u00edvom p\u00f4vodom z Detvy \u2013 spracovan\u00fd v modernom, minimalistickom a nad\u010dasovom dizajne.","og_url":"https:\/\/slovakdekor.sk\/?product=gravirovany-hrncek-slovakdekor","og_site_name":"Slovakdekor","article_publisher":"https:\/\/www.facebook.com\/slovakdekor","article_modified_time":"2026-04-05T22:37:21+00:00","og_image":[{"width":1536,"height":1024,"url":"https:\/\/slovakdekor.sk\/wp-content\/uploads\/2026\/04\/aa6ccc32-63ad-48b9-97c4-1059f5b4e5d7.png","type":"image\/png"}],"twitter_card":"summary_large_image","twitter_misc":{"Predpokladan\u00fd \u010das \u010d\u00edtania":"1 min\u00fata"},"schema":{"@context":"https:\/\/schema.org","@graph":[{"@type":"WebPage","@id":"https:\/\/slovakdekor.sk\/?product=gravirovany-hrncek-slovakdekor","url":"https:\/\/slovakdekor.sk\/?product=gravirovany-hrncek-slovakdekor","name":"Grav\u00edrovan\u00fd hrn\u010dek Slovakdekor - Slovakdekor","isPartOf":{"@id":"https:\/\/slovakdekor.sk\/#website"},"primaryImageOfPage":{"@id":"https:\/\/slovakdekor.sk\/?product=gravirovany-hrncek-slovakdekor#primaryimage"},"image":{"@id":"https:\/\/slovakdekor.sk\/?product=gravirovany-hrncek-slovakdekor#primaryimage"},"thumbnailUrl":"https:\/\/slovakdekor.sk\/wp-content\/uploads\/2026\/04\/aa6ccc32-63ad-48b9-97c4-1059f5b4e5d7.png","datePublished":"2026-04-05T22:24:19+00:00","dateModified":"2026-04-05T22:37:21+00:00","breadcrumb":{"@id":"https:\/\/slovakdekor.sk\/?product=gravirovany-hrncek-slovakdekor#breadcrumb"},"inLanguage":"sk-SK","potentialAction":[{"@type":"ReadAction","target":["https:\/\/slovakdekor.sk\/?product=gravirovany-hrncek-slovakdekor"]}]},{"@type":"ImageObject","inLanguage":"sk-SK","@id":"https:\/\/slovakdekor.sk\/?product=gravirovany-hrncek-slovakdekor#primaryimage","url":"https:\/\/slovakdekor.sk\/wp-content\/uploads\/2026\/04\/aa6ccc32-63ad-48b9-97c4-1059f5b4e5d7.png","contentUrl":"https:\/\/slovakdekor.sk\/wp-content\/uploads\/2026\/04\/aa6ccc32-63ad-48b9-97c4-1059f5b4e5d7.png","width":1536,"height":1024},{"@type":"BreadcrumbList","@id":"https:\/\/slovakdekor.sk\/?product=gravirovany-hrncek-slovakdekor#breadcrumb","itemListElement":[{"@type":"ListItem","position":1,"name":"Domovsk\u00e1 str\u00e1nka","item":"https:\/\/slovakdekor.sk\/"},{"@type":"ListItem","position":2,"name":"Grav\u00edrovan\u00fd hrn\u010dek Slovakdekor"}]},{"@type":"WebSite","@id":"https:\/\/slovakdekor.sk\/#website","url":"https:\/\/slovakdekor.sk\/","name":"Slovakdekor","description":"suven\u00edry in\u0161pirovan\u00e9 slovensk\u00fdm \u013eudov\u00fdm umen\u00edm","publisher":{"@id":"https:\/\/slovakdekor.sk\/#organization"},"potentialAction":[{"@type":"SearchAction","target":{"@type":"EntryPoint","urlTemplate":"https:\/\/slovakdekor.sk\/?s={search_term_string}"},"query-input":{"@type":"PropertyValueSpecification","valueRequired":true,"valueName":"search_term_string"}}],"inLanguage":"sk-SK"},{"@type":"Organization","@id":"https:\/\/slovakdekor.sk\/#organization","name":"Slovakdekor","url":"https:\/\/slovakdekor.sk\/","logo":{"@type":"ImageObject","inLanguage":"sk-SK","@id":"https:\/\/slovakdekor.sk\/#\/schema\/logo\/image\/","url":"https:\/\/slovakdekor.sk\/wp-content\/uploads\/2025\/07\/cropped-Bez-nazvu-4.png","contentUrl":"https:\/\/slovakdekor.sk\/wp-content\/uploads\/2025\/07\/cropped-Bez-nazvu-4.png","width":1765,"height":513,"caption":"Slovakdekor"},"image":{"@id":"https:\/\/slovakdekor.sk\/#\/schema\/logo\/image\/"},"sameAs":["https:\/\/www.facebook.com\/slovakdekor"]}]}},"_links":{"self":[{"href":"https:\/\/slovakdekor.sk\/index.php?rest_route=\/wp\/v2\/product\/1875","targetHints":{"allow":["GET"]}}],"collection":[{"href":"https:\/\/slovakdekor.sk\/index.php?rest_route=\/wp\/v2\/product"}],"about":[{"href":"https:\/\/slovakdekor.sk\/index.php?rest_route=\/wp\/v2\/types\/product"}],"replies":[{"embeddable":true,"href":"https:\/\/slovakdekor.sk\/index.php?rest_route=%2Fwp%2Fv2%2Fcomments&post=1875"}],"wp:featuredmedia":[{"embeddable":true,"href":"https:\/\/slovakdekor.sk\/index.php?rest_route=\/wp\/v2\/media\/1876"}],"wp:attachment":[{"href":"https:\/\/slovakdekor.sk\/index.php?rest_route=%2Fwp%2Fv2%2Fmedia&parent=1875"}],"wp:term":[{"taxonomy":"product_brand","embeddable":true,"href":"https:\/\/slovakdekor.sk\/index.php?rest_route=%2Fwp%2Fv2%2Fproduct_brand&post=1875"},{"taxonomy":"product_cat","embeddable":true,"href":"https:\/\/slovakdekor.sk\/index.php?rest_route=%2Fwp%2Fv2%2Fproduct_cat&post=1875"},{"taxonomy":"product_tag","embeddable":true,"href":"https:\/\/slovakdekor.sk\/index.php?rest_route=%2Fwp%2Fv2%2Fproduct_tag&post=1875"}],"curies":[{"name":"wp","href":"https:\/\/api.w.org\/{rel}","templated":true}]}}